{"id":2484,"date":"2025-08-18T23:05:19","date_gmt":"2025-08-18T23:05:19","guid":{"rendered":"https:\/\/moroccoexploretour.com\/?page_id=2484"},"modified":"2025-08-18T23:11:10","modified_gmt":"2025-08-18T23:11:10","slug":"ouarzazate-tiurs","status":"publish","type":"page","link":"https:\/\/moroccoexploretour.com\/de\/ouarzazate-tiurs\/","title":{"rendered":"Ouarzazate Tiurs"},"content":{"rendered":"<div data-elementor-type=\"wp-page\" data-elementor-id=\"2484\" class=\"elementor elementor-2484\" data-elementor-post-type=\"page\">\n\t\t\t\t<div class=\"elementor-element elementor-element-4699210 e-flex e-con-boxed e-con e-parent\" data-id=\"4699210\" data-element_type=\"container\" data-e-type=\"container\" data-settings=\"{&quot;background_background&quot;:&quot;classic&quot;}\">\n\t\t\t\t\t<div class=\"e-con-inner\">\n\t\t\t\t<div class=\"elementor-element elementor-element-cc2e5b8 elementor-widget elementor-widget-heading\" data-id=\"cc2e5b8\" data-element_type=\"widget\" data-e-type=\"widget\" data-widget_type=\"heading.default\">\n\t\t\t\t\t<h2 class=\"elementor-heading-title elementor-size-default\">Ouarzazate Touren<\/h2>\t\t\t\t<\/div>\n\t\t\t\t\t<\/div>\n\t\t\t\t<\/div>\n\t\t<div class=\"elementor-element elementor-element-d23a777 e-flex e-con-boxed e-con e-parent\" data-id=\"d23a777\" data-element_type=\"container\" data-e-type=\"container\">\n\t\t\t\t\t<div class=\"e-con-inner\">\n\t\t\t\t<div class=\"elementor-element elementor-element-9f19f8e elementor-widget elementor-widget-html\" data-id=\"9f19f8e\" data-element_type=\"widget\" data-e-type=\"widget\" data-widget_type=\"html.default\">\n\t\t\t\t\t<!DOCTYPE html>\r\n<html lang=\"en\">\r\n<head>\r\n  <meta charset=\"UTF-8\">\r\n  <meta name=\"viewport\" content=\"width=device-width, initial-scale=1.0\">\r\n  <title>Luxury Morocco Tours from Ouarzazate | Desert Adventures & Imperial Cities<\/title>\r\n  <meta name=\"description\" content=\"Explore Morocco with our luxury tours from Ouarzazate to Marrakech, Merzouga, and Casablanca. Experience the Sahara desert, Atlas Mountains, and historic kasbahs with expert guides.\">\r\n  <meta name=\"keywords\" content=\"Ouarzazate tours, Morocco desert tours, Marrakech to Sahara, Merzouga tours, Atlas Mountains travel, Morocco kasbah tours\">\r\n  <!-- Schema.org markup for Google -->\r\n  <script type=\"application\/ld+json\">\r\n    {\r\n      \"@context\": \"https:\/\/schema.org\",\r\n      \"@type\": \"TravelAgency\",\r\n      \"name\": \"Morocco Explore Tour\",\r\n      \"description\": \"Luxury tours from Ouarzazate to Marrakech, Merzouga and beyond\",\r\n      \"url\": \"https:\/\/moroccoexploretour.com\",\r\n      \"logo\": \"https:\/\/moroccoexploretour.com\/wp-content\/uploads\/2025\/08\/logo.png\",\r\n      \"sameAs\": [\r\n        \"https:\/\/www.facebook.com\/moroccoexploretour\",\r\n        \"https:\/\/www.instagram.com\/moroccoexploretour\"\r\n      ]\r\n    }\r\n  <\/script>\r\n  <link href=\"https:\/\/fonts.googleapis.com\/css2?family=Inter:wght@300;400;500;600;700&display=swap\" rel=\"stylesheet\">\r\n  <link rel=\"stylesheet\" href=\"https:\/\/cdnjs.cloudflare.com\/ajax\/libs\/font-awesome\/6.4.0\/css\/all.min.css\">\r\n  <style>\r\n    :root {\r\n      --smt-primary-pink: #FF5722;\r\n      --smt-primary-blue: #0092F9;\r\n      --smt-primary-yellow: #FBD564;\r\n      --smt-primary-green: #4CAF50;\r\n      --smt-primary-purple: #9C27B0;\r\n      --smt-dark-text: #1f2937;\r\n      --smt-light-text: #6b7280;\r\n    }\r\n    * {\r\n      margin: 0;\r\n      padding: 0;\r\n      font-family: 'Inter', sans-serif;\r\n      box-sizing: border-box;\r\n    }\r\n    body {\r\n      background-color: #f9fafb;\r\n    }\r\n    .smt-main-container {\r\n      width: 100%;\r\n      max-width: 1300px;\r\n      margin: 2rem auto;\r\n      padding: 0 1rem;\r\n    }\r\n    .smt-section-title {\r\n      text-align: center;\r\n      margin-bottom: 2.5rem;\r\n    }\r\n    .smt-section-title h1 {\r\n      font-size: 2.25rem;\r\n      color: var(--smt-dark-text);\r\n      margin-bottom: 1rem;\r\n      font-weight: 700;\r\n    }\r\n    .smt-section-title p {\r\n      color: var(--smt-light-text);\r\n      max-width: 700px;\r\n      margin: 0 auto;\r\n      line-height: 1.6;\r\n    }\r\n    .smt-card-container {\r\n      display: grid;\r\n      grid-template-columns: repeat(auto-fit, minmax(300px, 1fr));\r\n      gap: 2rem;\r\n      width: 100%;\r\n      justify-items: center;\r\n    }\r\n    @media (min-width: 1024px) {\r\n      .smt-card-container {\r\n        grid-template-columns: repeat(3, 1fr);\r\n        width: 100%;\r\n      }\r\n    }\r\n    @media (min-width: 768px) and (max-width: 1023px) {\r\n      .smt-card-container {\r\n        grid-template-columns: repeat(2, 1fr);\r\n      }\r\n    }\r\n    @media (max-width: 767px) {\r\n      .smt-card-container {\r\n        grid-template-columns: 1fr;\r\n      }\r\n    }\r\n    .smt-card {\r\n      background: white;\r\n      border-radius: 1rem;\r\n      overflow: hidden;\r\n      box-shadow: 0 4px 20px rgba(0, 0, 0, 0.05);\r\n      transition: all 0.3s cubic-bezier(0.25, 0.8, 0.25, 1);\r\n      width: 100%;\r\n      max-width: 380px;\r\n    }\r\n    \/* Color variations *\/\r\n    .smt-card-container .smt-card.smt-card-color1,\r\n    .smt-card-container .smt-card.smt-card-color1 .smt-card-content {\r\n      background: #fff5f7 !important; \/* Light pink *\/\r\n    }\r\n    .smt-card-container .smt-card.smt-card-color2,\r\n    .smt-card-container .smt-card.smt-card-color2 .smt-card-content {\r\n      background: #f0f9ff !important; \/* Light blue *\/\r\n    }\r\n    .smt-card-container .smt-card.smt-card-color3,\r\n    .smt-card-container .smt-card.smt-card-color3 .smt-card-content {\r\n      background: #fffaf0 !important; \/* Light yellow *\/\r\n    }\r\n    .smt-card-container .smt-card.smt-card-color4,\r\n    .smt-card-container .smt-card.smt-card-color4 .smt-card-content {\r\n      background: #f0fff4 !important; \/* Light green *\/\r\n    }\r\n    .smt-card-container .smt-card.smt-card-color5,\r\n    .smt-card-container .smt-card.smt-card-color5 .smt-card-content {\r\n      background: #faf5ff !important; \/* Light purple *\/\r\n    }\r\n    \r\n    .smt-card:hover {\r\n      transform: translateY(-5px);\r\n      box-shadow: 0 10px 25px rgba(0, 0, 0, 0.1);\r\n    }\r\n    .smt-card-header {\r\n      height: 300px;\r\n      position: relative;\r\n      background-size: cover;\r\n      background-position: center;\r\n      display: flex;\r\n      align-items: center;\r\n      justify-content: center;\r\n      color: white;\r\n    }\r\n    .smt-badge {\r\n      position: absolute;\r\n      top: 1rem;\r\n      left: 1rem;\r\n      background: rgba(255,255,255,0.2);\r\n      backdrop-filter: blur(5px);\r\n      padding: 0.35rem 1rem;\r\n      border-radius: 100px;\r\n      font-size: 0.75rem;\r\n      font-weight: 600;\r\n      text-transform: uppercase;\r\n      letter-spacing: 0.5px;\r\n    }\r\n    .smt-duration {\r\n      position: absolute;\r\n      bottom: -1rem;\r\n      right: 1rem;\r\n      background: #dc2626;\r\n      color: white;\r\n      padding: 0.5rem 1rem;\r\n      border-radius: 0.5rem;\r\n      box-shadow: 0 4px 12px rgba(0,0,0,0.08);\r\n      font-weight: 700;\r\n      font-size: 0.875rem;\r\n      display: flex;\r\n      align-items: center;\r\n      gap: 0.5rem;\r\n    }\r\n    .smt-duration i {\r\n      font-size: 0.75rem;\r\n      color: white;\r\n    }\r\n    .smt-card-content {\r\n      padding: 1.75rem 1.5rem;\r\n    }\r\n    .smt-rating {\r\n      display: flex;\r\n      align-items: center;\r\n      gap: 0.5rem;\r\n      margin-bottom: 0.75rem;\r\n    }\r\n    .smt-stars {\r\n      color: var(--smt-primary-pink);\r\n      letter-spacing: 0.1rem;\r\n      font-size: 1rem;\r\n    }\r\n    .smt-title {\r\n      font-size: 1.22rem;\r\n      font-weight: 400;\r\n      color: var(--smt-dark-text);\r\n      margin-bottom: 0.5rem;\r\n    }\r\n    .smt-location {\r\n      display: flex;\r\n      align-items: center;\r\n      gap: 0.5rem;\r\n      color: var(--smt-light-text);\r\n      font-size: 0.875rem;\r\n      margin-bottom: 1.25rem;\r\n    }\r\n    .smt-location i {\r\n      font-size: 0.75rem;\r\n    }\r\n    .smt-tags {\r\n      display: flex;\r\n      flex-wrap: wrap;\r\n      gap: 0.5rem;\r\n      margin-bottom: 1.5rem;\r\n    }\r\n    .smt-tag {\r\n      background: #f3f4f6;\r\n      color: var(--smt-dark-text);\r\n      padding: 0.375rem 0.75rem;\r\n      border-radius: 100px;\r\n      font-size: 0.75rem;\r\n      font-weight: 600;\r\n    }\r\n    .smt-divider {\r\n      height: 1px;\r\n      background: #e5e7eb;\r\n      margin: 1.25rem 0;\r\n    }\r\n    .smt-btn-container {\r\n      width: 100%;\r\n    }\r\n    .smt-btn {\r\n      width: 100%;\r\n      display: flex;\r\n      align-items: center;\r\n      justify-content: center;\r\n      gap: 0.5rem;\r\n      padding: 0.75rem;\r\n      border-radius: 0.5rem;\r\n      font-weight: 600;\r\n      font-size: 0.875rem;\r\n      cursor: pointer;\r\n      transition: all 0.2s ease;\r\n      text-decoration: none;\r\n      border: none;\r\n    }\r\n    .smt-btn:hover {\r\n      transform: translateY(-2px);\r\n    }\r\n    .smt-btn-primary {\r\n      background: var(--smt-primary-blue);\r\n      color: white;\r\n    }\r\n    .smt-btn-primary:hover {\r\n      background: #0078cc;\r\n      box-shadow: 0 4px 12px rgba(0, 146, 249, 0.3);\r\n    }\r\n    .smt-btn-color1 {\r\n      background: var(--smt-primary-pink);\r\n    }\r\n    .smt-btn-color2 {\r\n      background: var(--smt-primary-blue);\r\n    }\r\n    .smt-btn-color3 {\r\n      background: var(--smt-primary-yellow);\r\n      color: var(--smt-dark-text);\r\n    }\r\n    .smt-btn-color4 {\r\n      background: var(--smt-primary-green);\r\n    }\r\n    .smt-btn-color5 {\r\n      background: var(--smt-primary-purple);\r\n    }\r\n  <\/style>\r\n<\/head>\r\n<body>\r\n  <div class=\"smt-main-container\">\r\n    <div class=\"smt-section-title\">\r\n      <h1>Entdecken Sie Marokkos versteckte Juwelen von Ouarzazate aus<\/h1>\r\n      <p>Erkunden Sie das Tor zur Sahara mit unseren sorgf\u00e4ltig ausgearbeiteten Touren von Ouarzazate nach Marrakesch, Merzouga und dar\u00fcber hinaus. Erleben Sie den Zauber der marokkanischen W\u00fcstenlandschaften, der alten Kasbahs und der pulsierenden Kultur.<\/p>\r\n    <\/div>\r\n    \r\n    <div class=\"smt-card-container\">\r\n      <!-- 3-Day from Ouarzazate to Marrakech -->\r\n      <div class=\"smt-card smt-card-color1\">\r\n        <div class=\"smt-card-header\" style=\"background-image: url('https:\/\/moroccoexploretour.com\/wp-content\/uploads\/2025\/08\/33-1.png')\">\r\n          <div class=\"smt-badge\">Kasbah-Route<\/div>\r\n          <div class=\"smt-duration\"><i class=\"far fa-calendar-alt\"><\/i> 3 Tage<\/div>\r\n        <\/div>\r\n        <div class=\"smt-card-content\">\r\n          <div class=\"smt-rating\">\r\n            <span class=\"smt-stars\">\u2605\u2605\u2605\u2605\u2605<\/span>\r\n          <\/div>\r\n          <h3 class=\"smt-title\">3-t\u00e4gig von Ouarzazate nach Marrakech<\/h3>\r\n          <div class=\"smt-location\">\r\n            <i class=\"fas fa-map-marker-alt\"><\/i>\r\n            <span>Ouarzazate nach Marrakesch, Marokko<\/span>\r\n          <\/div>\r\n          <div class=\"smt-tags\">\r\n            <div class=\"smt-tag\">Atlasgebirge<\/div>\r\n            <div class=\"smt-tag\">Ait Ben Haddou<\/div>\r\n            <div class=\"smt-tag\">Kasbahs<\/div>\r\n          <\/div>\r\n          <div class=\"smt-divider\"><\/div>\r\n          <div class=\"smt-btn-container\">\r\n            <a href=\"https:\/\/moroccoexploretour.com\/de\/3-day-from-ouarzazate-to-marrakech\/\" class=\"smt-btn smt-btn-primary smt-btn-color1\">\r\n              <i class=\"far fa-calendar-check\"><\/i>\r\n              <span>Jetzt buchen<\/span>\r\n            <\/a>\r\n          <\/div>\r\n        <\/div>\r\n      <\/div>\r\n\r\n      <!-- 4-Day form Ouarzazate to Casablanca -->\r\n      <div class=\"smt-card smt-card-color2\">\r\n        <div class=\"smt-card-header\" style=\"background-image: url('https:\/\/moroccoexploretour.com\/wp-content\/uploads\/2025\/08\/14-3.webp')\">\r\n          <div class=\"smt-badge\">K\u00fcstengebiete<\/div>\r\n          <div class=\"smt-duration\"><i class=\"far fa-calendar-alt\"><\/i> 4 Tage<\/div>\r\n        <\/div>\r\n        <div class=\"smt-card-content\">\r\n          <div class=\"smt-rating\">\r\n            <span class=\"smt-stars\">\u2605\u2605\u2605\u2605\u2605<\/span>\r\n          <\/div>\r\n          <h3 class=\"smt-title\">4-Tage von Ouarzazate nach Casablanca<\/h3>\r\n          <div class=\"smt-location\">\r\n            <i class=\"fas fa-map-marker-alt\"><\/i>\r\n            <span>Ouarzazate nach Casablanca, Marokko<\/span>\r\n          <\/div>\r\n          <div class=\"smt-tags\">\r\n            <div class=\"smt-tag\">K\u00fcstengebiete<\/div>\r\n            <div class=\"smt-tag\">Marrakesch<\/div>\r\n            <div class=\"smt-tag\">Kulturelles<\/div>\r\n          <\/div>\r\n          <div class=\"smt-divider\"><\/div>\r\n          <div class=\"smt-btn-container\">\r\n            <a href=\"https:\/\/moroccoexploretour.com\/de\/4-day-form-ouarzazate-to-casablanca\/\" class=\"smt-btn smt-btn-primary smt-btn-color2\">\r\n              <i class=\"far fa-calendar-check\"><\/i>\r\n              <span>Jetzt buchen<\/span>\r\n            <\/a>\r\n          <\/div>\r\n        <\/div>\r\n      <\/div>\r\n\r\n      <!-- 5-Days from Ouarzazate to Merzouga -->\r\n      <div class=\"smt-card smt-card-color3\">\r\n        <div class=\"smt-card-header\" style=\"background-image: url('https:\/\/moroccoexploretour.com\/wp-content\/uploads\/2025\/08\/marwane_sibia_mg_8671_copie-1-1.jpg')\">\r\n          <div class=\"smt-badge\">W\u00fcste<\/div>\r\n          <div class=\"smt-duration\"><i class=\"far fa-calendar-alt\"><\/i> 5 Tage<\/div>\r\n        <\/div>\r\n        <div class=\"smt-card-content\">\r\n          <div class=\"smt-rating\">\r\n            <span class=\"smt-stars\">\u2605\u2605\u2605\u2605\u2605<\/span>\r\n          <\/div>\r\n          <h3 class=\"smt-title\">5-Tage von Ouarzazate nach Merzouga<\/h3>\r\n          <div class=\"smt-location\">\r\n            <i class=\"fas fa-map-marker-alt\"><\/i>\r\n            <span>Ouarzazate nach Merzouga, Marokko<\/span>\r\n          <\/div>\r\n          <div class=\"smt-tags\">\r\n            <div class=\"smt-tag\">Sahara<\/div>\r\n            <div class=\"smt-tag\">D\u00fcnen<\/div>\r\n            <div class=\"smt-tag\">Kamel-Trek<\/div>\r\n            <div class=\"smt-tag\">W\u00fcstencamp<\/div>\r\n          <\/div>\r\n          <div class=\"smt-divider\"><\/div>\r\n          <div class=\"smt-btn-container\">\r\n            <a href=\"https:\/\/moroccoexploretour.com\/de\/5-days-from-ouarzazate-to-merzouga\/\" class=\"smt-btn smt-btn-primary smt-btn-color3\">\r\n              <i class=\"far fa-calendar-check\"><\/i>\r\n              <span>Jetzt buchen<\/span>\r\n            <\/a>\r\n          <\/div>\r\n        <\/div>\r\n      <\/div>\r\n    <\/div>\r\n  <\/div>\r\n<\/body>\r\n<\/html>\t\t\t\t<\/div>\n\t\t\t\t\t<\/div>\n\t\t\t\t<\/div>\n\t\t\t\t<\/div>","protected":false},"excerpt":{"rendered":"<p>Ouarzazate Tours Luxury Morocco Tours from Ouarzazate | Desert Adventures &#038; &#8230; <\/p>","protected":false},"author":1,"featured_media":0,"parent":0,"menu_order":0,"comment_status":"closed","ping_status":"closed","template":"elementor_header_footer","meta":{"footnotes":""},"class_list":["post-2484","page","type-page","status-publish","hentry"],"_links":{"self":[{"href":"https:\/\/moroccoexploretour.com\/de\/wp-json\/wp\/v2\/pages\/2484","targetHints":{"allow":["GET"]}}],"collection":[{"href":"https:\/\/moroccoexploretour.com\/de\/wp-json\/wp\/v2\/pages"}],"about":[{"href":"https:\/\/moroccoexploretour.com\/de\/wp-json\/wp\/v2\/types\/page"}],"author":[{"embeddable":true,"href":"https:\/\/moroccoexploretour.com\/de\/wp-json\/wp\/v2\/users\/1"}],"replies":[{"embeddable":true,"href":"https:\/\/moroccoexploretour.com\/de\/wp-json\/wp\/v2\/comments?post=2484"}],"version-history":[{"count":5,"href":"https:\/\/moroccoexploretour.com\/de\/wp-json\/wp\/v2\/pages\/2484\/revisions"}],"predecessor-version":[{"id":2491,"href":"https:\/\/moroccoexploretour.com\/de\/wp-json\/wp\/v2\/pages\/2484\/revisions\/2491"}],"wp:attachment":[{"href":"https:\/\/moroccoexploretour.com\/de\/wp-json\/wp\/v2\/media?parent=2484"}],"curies":[{"name":"wp","href":"https:\/\/api.w.org\/{rel}","templated":true}]}}