{"id":2368,"date":"2025-08-16T11:54:07","date_gmt":"2025-08-16T11:54:07","guid":{"rendered":"https:\/\/moroccoexploretour.com\/?page_id=2368"},"modified":"2025-08-16T12:03:39","modified_gmt":"2025-08-16T12:03:39","slug":"tanger-tours","status":"publish","type":"page","link":"https:\/\/moroccoexploretour.com\/fr\/tanger-tours\/","title":{"rendered":"Tanger Tours"},"content":{"rendered":"<div data-elementor-type=\"wp-page\" data-elementor-id=\"2368\" class=\"elementor elementor-2368\" data-elementor-post-type=\"page\">\n\t\t\t\t<div class=\"elementor-element elementor-element-4699210 e-flex e-con-boxed e-con e-parent\" data-id=\"4699210\" data-element_type=\"container\" data-e-type=\"container\" data-settings=\"{&quot;background_background&quot;:&quot;classic&quot;}\">\n\t\t\t\t\t<div class=\"e-con-inner\">\n\t\t\t\t<div class=\"elementor-element elementor-element-cc2e5b8 elementor-widget elementor-widget-heading\" data-id=\"cc2e5b8\" data-element_type=\"widget\" data-e-type=\"widget\" data-widget_type=\"heading.default\">\n\t\t\t\t\t<h2 class=\"elementor-heading-title elementor-size-default\">Visite de Tanger<\/h2>\t\t\t\t<\/div>\n\t\t\t\t\t<\/div>\n\t\t\t\t<\/div>\n\t\t<div class=\"elementor-element elementor-element-7f2b8cd e-flex e-con-boxed e-con e-parent\" data-id=\"7f2b8cd\" data-element_type=\"container\" data-e-type=\"container\">\n\t\t\t\t\t<div class=\"e-con-inner\">\n\t\t\t\t<div class=\"elementor-element elementor-element-e0ca311 elementor-widget elementor-widget-html\" data-id=\"e0ca311\" data-element_type=\"widget\" data-e-type=\"widget\" data-widget_type=\"html.default\">\n\t\t\t\t\t<!DOCTYPE html>\r\n<html lang=\"en\">\r\n<head>\r\n  <meta charset=\"UTF-8\">\r\n  <meta name=\"viewport\" content=\"width=device-width, initial-scale=1.0\">\r\n  <title>Luxury Morocco Tours from Tangier | Desert Adventures & Imperial Cities<\/title>\r\n  <meta name=\"description\" content=\"Experience the best of Morocco with our luxury tours from Tangier to Merzouga Desert, Marrakech, and imperial cities. Camel treks, desert camps, and cultural experiences.\">\r\n  <meta name=\"keywords\" content=\"Tangier Morocco tours, Tangier to Merzouga, desert tours from Tangier, luxury Morocco travel, imperial cities tours, Tangier camel trek\">\r\n  <meta name=\"robots\" content=\"index, follow\">\r\n  <meta property=\"og:title\" content=\"Luxury Morocco Tours from Tangier | Desert Adventures\">\r\n  <meta property=\"og:description\" content=\"Book your dream Morocco tour from Tangier to Merzouga Desert and imperial cities with expert guides.\">\r\n  <meta property=\"og:type\" content=\"website\">\r\n  <meta property=\"og:url\" content=\"https:\/\/moroccoexploretour.com\/\">\r\n  <link href=\"https:\/\/fonts.googleapis.com\/css2?family=Inter:wght@300;400;500;600;700&display=swap\" rel=\"stylesheet\">\r\n  <link rel=\"stylesheet\" href=\"https:\/\/cdnjs.cloudflare.com\/ajax\/libs\/font-awesome\/6.4.0\/css\/all.min.css\">\r\n  <style>\r\n    \/* [Previous CSS remains exactly the same] *\/\r\n    :root {\r\n      --smt-primary-pink: #FF5722;\r\n      --smt-primary-blue: #0092F9;\r\n      --smt-primary-yellow: #FBD564;\r\n      --smt-primary-green: #4CAF50;\r\n      --smt-primary-purple: #9C27B0;\r\n      --smt-dark-text: #1f2937;\r\n      --smt-light-text: #6b7280;\r\n    }\r\n    * {\r\n      margin: 0;\r\n      padding: 0;\r\n      font-family: 'Inter', sans-serif;\r\n      box-sizing: border-box;\r\n    }\r\n    body {\r\n      background-color: #f9fafb;\r\n    }\r\n    .smt-main-container {\r\n      width: 100%;\r\n      max-width: 1300px;\r\n      margin: 2rem auto;\r\n      padding: 0 1rem;\r\n    }\r\n    .smt-section-title {\r\n      text-align: center;\r\n      margin-bottom: 2.5rem;\r\n    }\r\n    .smt-section-title h1 {\r\n      font-size: 2.25rem;\r\n      color: var(--smt-dark-text);\r\n      margin-bottom: 1rem;\r\n      font-weight: 700;\r\n    }\r\n    .smt-section-title p {\r\n      color: var(--smt-light-text);\r\n      max-width: 700px;\r\n      margin: 0 auto;\r\n      line-height: 1.6;\r\n    }\r\n    .smt-card-container {\r\n      display: grid;\r\n      grid-template-columns: repeat(auto-fit, minmax(300px, 1fr));\r\n      gap: 2rem;\r\n      width: 100%;\r\n      justify-items: center;\r\n    }\r\n    @media (min-width: 1024px) {\r\n      .smt-card-container {\r\n        grid-template-columns: repeat(3, 1fr);\r\n        width: 100%;\r\n      }\r\n    }\r\n    @media (min-width: 768px) and (max-width: 1023px) {\r\n      .smt-card-container {\r\n        grid-template-columns: repeat(2, 1fr);\r\n      }\r\n    }\r\n    @media (max-width: 767px) {\r\n      .smt-card-container {\r\n        grid-template-columns: 1fr;\r\n      }\r\n    }\r\n    .smt-card {\r\n      background: white;\r\n      border-radius: 1rem;\r\n      overflow: hidden;\r\n      box-shadow: 0 4px 20px rgba(0, 0, 0, 0.05);\r\n      transition: all 0.3s cubic-bezier(0.25, 0.8, 0.25, 1);\r\n      width: 100%;\r\n      max-width: 380px;\r\n    }\r\n    \/* Color variations *\/\r\n    .smt-card-container .smt-card.smt-card-color1,\r\n    .smt-card-container .smt-card.smt-card-color1 .smt-card-content {\r\n      background: #fff5f7 !important;\r\n    }\r\n    .smt-card-container .smt-card.smt-card-color2,\r\n    .smt-card-container .smt-card.smt-card-color2 .smt-card-content {\r\n      background: #f0f9ff !important;\r\n    }\r\n    .smt-card-container .smt-card.smt-card-color3,\r\n    .smt-card-container .smt-card.smt-card-color3 .smt-card-content {\r\n      background: #fffaf0 !important;\r\n    }\r\n    .smt-card-container .smt-card.smt-card-color4,\r\n    .smt-card-container .smt-card.smt-card-color4 .smt-card-content {\r\n      background: #f0fff4 !important;\r\n    }\r\n    .smt-card-container .smt-card.smt-card-color5,\r\n    .smt-card-container .smt-card.smt-card-color5 .smt-card-content {\r\n      background: #faf5ff !important;\r\n    }\r\n    \r\n    .smt-card:hover {\r\n      transform: translateY(-5px);\r\n      box-shadow: 0 10px 25px rgba(0, 0, 0, 0.1);\r\n    }\r\n    .smt-card-header {\r\n      height: 300px;\r\n      position: relative;\r\n      background-size: cover;\r\n      background-position: center;\r\n      display: flex;\r\n      align-items: center;\r\n      justify-content: center;\r\n      color: white;\r\n    }\r\n    .smt-badge {\r\n      position: absolute;\r\n      top: 1rem;\r\n      left: 1rem;\r\n      background: rgba(255,255,255,0.2);\r\n      backdrop-filter: blur(5px);\r\n      padding: 0.35rem 1rem;\r\n      border-radius: 100px;\r\n      font-size: 0.75rem;\r\n      font-weight: 600;\r\n      text-transform: uppercase;\r\n      letter-spacing: 0.5px;\r\n    }\r\n    .smt-duration {\r\n      position: absolute;\r\n      bottom: -1rem;\r\n      right: 1rem;\r\n      background: #dc2626;\r\n      color: white;\r\n      padding: 0.5rem 1rem;\r\n      border-radius: 0.5rem;\r\n      box-shadow: 0 4px 12px rgba(0,0,0,0.08);\r\n      font-weight: 700;\r\n      font-size: 0.875rem;\r\n      display: flex;\r\n      align-items: center;\r\n      gap: 0.5rem;\r\n    }\r\n    .smt-duration i {\r\n      font-size: 0.75rem;\r\n      color: white;\r\n    }\r\n    .smt-card-content {\r\n      padding: 1.75rem 1.5rem;\r\n    }\r\n    .smt-rating {\r\n      display: flex;\r\n      align-items: center;\r\n      gap: 0.5rem;\r\n      margin-bottom: 0.75rem;\r\n    }\r\n    .smt-stars {\r\n      color: var(--smt-primary-pink);\r\n      letter-spacing: 0.1rem;\r\n      font-size: 1rem;\r\n    }\r\n    .smt-title {\r\n      font-size: 1.22rem;\r\n      font-weight: 400;\r\n      color: var(--smt-dark-text);\r\n      margin-bottom: 0.5rem;\r\n    }\r\n    .smt-location {\r\n      display: flex;\r\n      align-items: center;\r\n      gap: 0.5rem;\r\n      color: var(--smt-light-text);\r\n      font-size: 0.875rem;\r\n      margin-bottom: 1.25rem;\r\n    }\r\n    .smt-location i {\r\n      font-size: 0.75rem;\r\n    }\r\n    .smt-tags {\r\n      display: flex;\r\n      flex-wrap: wrap;\r\n      gap: 0.5rem;\r\n      margin-bottom: 1.5rem;\r\n    }\r\n    .smt-tag {\r\n      background: #f3f4f6;\r\n      color: var(--smt-dark-text);\r\n      padding: 0.375rem 0.75rem;\r\n      border-radius: 100px;\r\n      font-size: 0.75rem;\r\n      font-weight: 600;\r\n    }\r\n    .smt-divider {\r\n      height: 1px;\r\n      background: #e5e7eb;\r\n      margin: 1.25rem 0;\r\n    }\r\n    .smt-btn-container {\r\n      width: 100%;\r\n    }\r\n    .smt-btn {\r\n      width: 100%;\r\n      display: flex;\r\n      align-items: center;\r\n      justify-content: center;\r\n      gap: 0.5rem;\r\n      padding: 0.75rem;\r\n      border-radius: 0.5rem;\r\n      font-weight: 600;\r\n      font-size: 0.875rem;\r\n      cursor: pointer;\r\n      transition: all 0.2s ease;\r\n      text-decoration: none;\r\n      border: none;\r\n    }\r\n    .smt-btn:hover {\r\n      transform: translateY(-2px);\r\n    }\r\n    .smt-btn-primary {\r\n      background: var(--smt-primary-blue);\r\n      color: white;\r\n    }\r\n    .smt-btn-primary:hover {\r\n      background: #0078cc;\r\n      box-shadow: 0 4px 12px rgba(0, 146, 249, 0.3);\r\n    }\r\n    .smt-btn-color1 {\r\n      background: var(--smt-primary-pink);\r\n    }\r\n    .smt-btn-color2 {\r\n      background: var(--smt-primary-blue);\r\n    }\r\n    .smt-btn-color3 {\r\n      background: var(--smt-primary-yellow);\r\n      color: var(--smt-dark-text);\r\n    }\r\n    .smt-btn-color4 {\r\n      background: var(--smt-primary-green);\r\n    }\r\n    .smt-btn-color5 {\r\n      background: var(--smt-primary-purple);\r\n    }\r\n    \r\n    \/* Explore More Button Styles *\/\r\n    .smt-explore-more-container {\r\n      margin-top: 3rem;\r\n      text-align: center;\r\n      width: 100%;\r\n    }\r\n    .smt-explore-btn {\r\n      display: inline-flex;\r\n      align-items: center;\r\n      justify-content: center;\r\n      gap: 0.75rem;\r\n      padding: 0.875rem 2rem;\r\n      background-color: var(--smt-primary-blue);\r\n      color: white;\r\n      border-radius: 0.5rem;\r\n      font-weight: 600;\r\n      font-size: 1rem;\r\n      text-decoration: none;\r\n      transition: all 0.3s ease;\r\n      box-shadow: 0 4px 12px rgba(0, 146, 249, 0.2);\r\n      border: none;\r\n      cursor: pointer;\r\n    }\r\n    .smt-explore-btn:hover {\r\n      background-color: #0078cc;\r\n      transform: translateY(-2px);\r\n      box-shadow: 0 6px 16px rgba(0, 146, 249, 0.3);\r\n    }\r\n    .smt-explore-btn i {\r\n      font-size: 1rem;\r\n      transition: transform 0.3s ease;\r\n    }\r\n    .smt-explore-btn:hover i {\r\n      transform: translateX(3px);\r\n    }\r\n  <\/style>\r\n<\/head>\r\n<body>\r\n  <div class=\"smt-main-container\">\r\n    <div class=\"smt-section-title\">\r\n      <h1>Circuits de luxe au Maroc \u00e0 partir de Tanger<\/h1>\r\n      <p>D\u00e9couvrez la magie du Maroc gr\u00e2ce \u00e0 nos circuits soigneusement con\u00e7us, de Tanger au d\u00e9sert de Merzouga, en passant par les villes imp\u00e9riales et la c\u00f4te atlantique. Faites l'exp\u00e9rience des randonn\u00e9es \u00e0 dos de chameau, des campements dans le d\u00e9sert et d'un riche patrimoine culturel.<\/p>\r\n    <\/div>\r\n    \r\n    <div class=\"smt-card-container\">\r\n      <!-- 10-Day Tour from Tangier to Merzouga -->\r\n      <div class=\"smt-card smt-card-color1\">\r\n        <div class=\"smt-card-header\" style=\"background-image: url('https:\/\/moroccoexploretour.com\/wp-content\/uploads\/2025\/08\/tanger-visiter-maroc-city-guide-953x715-1.jpg')\">\r\n          <div class=\"smt-badge\">Tour complet<\/div>\r\n          <div class=\"smt-duration\"><i class=\"far fa-calendar-alt\"><\/i> 10 jours<\/div>\r\n        <\/div>\r\n        <div class=\"smt-card-content\">\r\n          <div class=\"smt-rating\">\r\n            <span class=\"smt-stars\">\u2605\u2605\u2605\u2605\u2605<\/span>\r\n          <\/div>\r\n          <h3 class=\"smt-title\">Circuit de 10 jours de Tanger \u00e0 Merzouga<\/h3>\r\n          <div class=\"smt-location\">\r\n            <i class=\"fas fa-map-marker-alt\"><\/i>\r\n            <span>De Tanger \u00e0 Merzouga, Maroc<\/span>\r\n          <\/div>\r\n          <div class=\"smt-tags\">\r\n            <div class=\"smt-tag\">D\u00e9sert<\/div>\r\n            <div class=\"smt-tag\">Villes imp\u00e9riales<\/div>\r\n            <div class=\"smt-tag\">Culturel<\/div>\r\n            <div class=\"smt-tag\">Prolong\u00e9<\/div>\r\n          <\/div>\r\n          <div class=\"smt-divider\"><\/div>\r\n          <div class=\"smt-btn-container\">\r\n            <a href=\"https:\/\/moroccoexploretour.com\/fr\/10-day-tour-form-tangier-to-merzouga\/\" class=\"smt-btn smt-btn-primary smt-btn-color1\">\r\n              <i class=\"far fa-calendar-check\"><\/i>\r\n              <span>R\u00e9server<\/span>\r\n            <\/a>\r\n          <\/div>\r\n        <\/div>\r\n      <\/div>\r\n\r\n      <!-- 5-Day Tour from Tangier to Marrakech -->\r\n      <div class=\"smt-card smt-card-color2\">\r\n        <div class=\"smt-card-header\" style=\"background-image: url('https:\/\/moroccoexploretour.com\/wp-content\/uploads\/2025\/08\/24.png')\">\r\n          <div class=\"smt-badge\">Littoral et d\u00e9sert<\/div>\r\n          <div class=\"smt-duration\"><i class=\"far fa-calendar-alt\"><\/i> 5 jours<\/div>\r\n        <\/div>\r\n        <div class=\"smt-card-content\">\r\n          <div class=\"smt-rating\">\r\n            <span class=\"smt-stars\">\u2605\u2605\u2605\u2605\u2605<\/span>\r\n          <\/div>\r\n          <h3 class=\"smt-title\">Circuit de 5 jours de Tanger \u00e0 Marrakech<\/h3>\r\n          <div class=\"smt-location\">\r\n            <i class=\"fas fa-map-marker-alt\"><\/i>\r\n            <span>De Tanger \u00e0 Marrakech, Maroc<\/span>\r\n          <\/div>\r\n          <div class=\"smt-tags\">\r\n            <div class=\"smt-tag\">Littoral<\/div>\r\n            <div class=\"smt-tag\">Villes imp\u00e9riales<\/div>\r\n            <div class=\"smt-tag\">Culturel<\/div>\r\n          <\/div>\r\n          <div class=\"smt-divider\"><\/div>\r\n          <div class=\"smt-btn-container\">\r\n            <a href=\"https:\/\/moroccoexploretour.com\/fr\/5-days-form-tanger-to-marrakech\/\" class=\"smt-btn smt-btn-primary smt-btn-color2\">\r\n              <i class=\"far fa-calendar-check\"><\/i>\r\n              <span>R\u00e9server<\/span>\r\n            <\/a>\r\n          <\/div>\r\n        <\/div>\r\n      <\/div>\r\n\r\n      <!-- 6-Day Tour from Tangier to Merzouga -->\r\n      <div class=\"smt-card smt-card-color3\">\r\n        <div class=\"smt-card-header\" style=\"background-image: url('https:\/\/moroccoexploretour.com\/wp-content\/uploads\/2025\/08\/16.png')\">\r\n          <div class=\"smt-badge\">Aventure dans le d\u00e9sert<\/div>\r\n          <div class=\"smt-duration\"><i class=\"far fa-calendar-alt\"><\/i> 6 jours<\/div>\r\n        <\/div>\r\n        <div class=\"smt-card-content\">\r\n          <div class=\"smt-rating\">\r\n            <span class=\"smt-stars\">\u2605\u2605\u2605\u2605\u2605<\/span>\r\n          <\/div>\r\n          <h3 class=\"smt-title\">Circuit de 6 jours de Tanger \u00e0 Merzouga<\/h3>\r\n          <div class=\"smt-location\">\r\n            <i class=\"fas fa-map-marker-alt\"><\/i>\r\n            <span>De Tanger \u00e0 Merzouga, Maroc<\/span>\r\n          <\/div>\r\n          <div class=\"smt-tags\">\r\n            <div class=\"smt-tag\">D\u00e9sert<\/div>\r\n            <div class=\"smt-tag\">Aventure<\/div>\r\n            <div class=\"smt-tag\">Culturel<\/div>\r\n            <div class=\"smt-tag\">Montagnes de l'Atlas<\/div>\r\n          <\/div>\r\n          <div class=\"smt-divider\"><\/div>\r\n          <div class=\"smt-btn-container\">\r\n            <a href=\"https:\/\/moroccoexploretour.com\/fr\/6-days-form-tanger-to-merzouga\/\" class=\"smt-btn smt-btn-primary smt-btn-color3\">\r\n              <i class=\"far fa-calendar-check\"><\/i>\r\n              <span>R\u00e9server<\/span>\r\n            <\/a>\r\n          <\/div>\r\n        <\/div>\r\n      <\/div>\r\n    <\/div>\r\n\r\n    <!-- Explore More Button -->\r\n    <div class=\"smt-explore-more-container\">\r\n     \r\n    <\/div>\r\n  <\/div>\r\n<\/body>\r\n<\/html>\t\t\t\t<\/div>\n\t\t\t\t\t<\/div>\n\t\t\t\t<\/div>\n\t\t\t\t<\/div>","protected":false},"excerpt":{"rendered":"<p>Tanger Tour Luxury Morocco Tours from Tangier | Desert Adventures &#038; &#8230; <\/p>","protected":false},"author":1,"featured_media":0,"parent":0,"menu_order":0,"comment_status":"closed","ping_status":"closed","template":"elementor_header_footer","meta":{"footnotes":""},"class_list":["post-2368","page","type-page","status-publish","hentry"],"_links":{"self":[{"href":"https:\/\/moroccoexploretour.com\/fr\/wp-json\/wp\/v2\/pages\/2368","targetHints":{"allow":["GET"]}}],"collection":[{"href":"https:\/\/moroccoexploretour.com\/fr\/wp-json\/wp\/v2\/pages"}],"about":[{"href":"https:\/\/moroccoexploretour.com\/fr\/wp-json\/wp\/v2\/types\/page"}],"author":[{"embeddable":true,"href":"https:\/\/moroccoexploretour.com\/fr\/wp-json\/wp\/v2\/users\/1"}],"replies":[{"embeddable":true,"href":"https:\/\/moroccoexploretour.com\/fr\/wp-json\/wp\/v2\/comments?post=2368"}],"version-history":[{"count":16,"href":"https:\/\/moroccoexploretour.com\/fr\/wp-json\/wp\/v2\/pages\/2368\/revisions"}],"predecessor-version":[{"id":2399,"href":"https:\/\/moroccoexploretour.com\/fr\/wp-json\/wp\/v2\/pages\/2368\/revisions\/2399"}],"wp:attachment":[{"href":"https:\/\/moroccoexploretour.com\/fr\/wp-json\/wp\/v2\/media?parent=2368"}],"curies":[{"name":"wp","href":"https:\/\/api.w.org\/{rel}","templated":true}]}}